{"id":44801,"date":"2024-07-19T18:53:21","date_gmt":"2024-07-19T16:53:21","guid":{"rendered":"https:\/\/coachingwerk-koeln.de\/?page_id=44801"},"modified":"2026-02-03T12:37:53","modified_gmt":"2026-02-03T11:37:53","slug":"ute-saendig","status":"publish","type":"page","link":"https:\/\/coachingwerk-koeln.de\/en\/coaches\/ute-saendig\/","title":{"rendered":"Ute S\u00e4ndig"},"content":{"rendered":"<p>[et_pb_section fb_built=&#8221;1&#8243; _builder_version=&#8221;4.16&#8243; global_colors_info=&#8221;{}&#8221;][et_pb_row column_structure=&#8221;1_3,2_3&#8243; _builder_version=&#8221;4.16&#8243; background_size=&#8221;initial&#8221; background_position=&#8221;top_left&#8221; background_repeat=&#8221;repeat&#8221; max_width=&#8221;900px&#8221; module_alignment=&#8221;center&#8221; use_custom_width=&#8221;on&#8221; global_colors_info=&#8221;{}&#8221;][et_pb_column type=&#8221;1_3&#8243; _builder_version=&#8221;4.16&#8243; custom_padding=&#8221;|||&#8221; global_colors_info=&#8221;{}&#8221; custom_padding__hover=&#8221;|||&#8221;][et_pb_image src=&#8221;https:\/\/coachingwerk-koeln.de\/wp-content\/uploads\/2024\/06\/Ute-Saendig2.jpg&#8221; alt=&#8221;Systemic trainings and workshops Ute S\u00e4ndig&#8221; title_text=&#8221;Ute-S\u00e4ndig&#8221; align_tablet=&#8221;center&#8221; align_phone=&#8221;&#8221; align_last_edited=&#8221;on|desktop&#8221; _builder_version=&#8221;4.25.0&#8243; global_colors_info=&#8221;{}&#8221;][\/et_pb_image][et_pb_text admin_label=&#8221;Kontaktdaten&#8221; _builder_version=&#8221;4.27.4&#8243; global_colors_info=&#8221;{}&#8221;]<\/p>\n<h2>Ute S\u00e4ndig<\/h2>\n<p>D\u00fcsseldorf<\/p>\n<p>&nbsp;<\/p>\n<p>[\/et_pb_text][et_pb_code disabled_on=&#8221;off|off|off&#8221; admin_label=&#8221;Social Media Icons&#8221; module_class=&#8221;socialmediaicons&#8221; _builder_version=&#8221;4.25.0&#8243; locked=&#8221;off&#8221; global_colors_info=&#8221;{}&#8221;]<\/p>\n<div class=\"socialmediaicons\"><a href=\"https:\/\/www.xing.com\/profile\/Ute_Saendig\/web_profiles\" target=\"_blank\" rel=\"noopener noreferrer\"><i class=\"fab fa-xing\"><\/i><\/a><a href=\"https:\/\/www.linkedin.com\/in\/ute-anna-s%C3%A4ndig-2b71192\/\" _blank=\"\" rel=\"noopener\"><i class=\"fab fa-linkedin\"><\/i><\/a><\/div>\n<p>[\/et_pb_code][\/et_pb_column][et_pb_column type=&#8221;2_3&#8243; _builder_version=&#8221;4.16&#8243; custom_padding=&#8221;|||&#8221; global_colors_info=&#8221;{}&#8221; custom_padding__hover=&#8221;|||&#8221;][et_pb_divider color=&#8221;#8cb5af&#8221; divider_position=&#8221;bottom&#8221; divider_weight=&#8221;2&#8243; admin_label=&#8221;Obere Linie Headline&#8221; module_id=&#8221;linieobenunten&#8221; module_class=&#8221;linieobenunten&#8221; _builder_version=&#8221;4.27.4&#8243; height=&#8221;0px&#8221; custom_margin=&#8221;10px||20px||false|false&#8221; custom_margin_tablet=&#8221;&#8221; custom_margin_phone=&#8221;&#8221; custom_margin_last_edited=&#8221;on|desktop&#8221; custom_padding=&#8221;0px||0px||false|false&#8221; global_module=&#8221;25373&#8243; saved_tabs=&#8221;all&#8221; global_colors_info=&#8221;{}&#8221;][\/et_pb_divider][et_pb_text admin_label=&#8221;h1_Ute S\u00e4ndig&#8221; module_id=&#8221;linieobenunten&#8221; module_class=&#8221;linieobenunten&#8221; _builder_version=&#8221;4.25.0&#8243; custom_margin=&#8221;0px||0px|&#8221; custom_padding=&#8221;0px||0px|&#8221; global_colors_info=&#8221;{}&#8221;]<\/p>\n<h1><strong>Ute S\u00e4ndig<\/strong><\/h1>\n<p>[\/et_pb_text][et_pb_divider color=&#8221;#8cb5af&#8221; divider_position=&#8221;bottom&#8221; divider_weight=&#8221;2&#8243; admin_label=&#8221;Untere Linie Headlines&#8221; _builder_version=&#8221;4.27.5&#8243; height=&#8221;0px&#8221; custom_margin=&#8221;20px||0px||false|false&#8221; custom_padding=&#8221;0px||0px||false|false&#8221; global_module=&#8221;25374&#8243; saved_tabs=&#8221;all&#8221; global_colors_info=&#8221;{}&#8221;][\/et_pb_divider][et_pb_text admin_label=&#8221;Proven Expert Rich Snippet&#8221; _builder_version=&#8221;4.19.4&#8243; _module_preset=&#8221;default&#8221; background_color=&#8221;#FFFFFF&#8221; overflow-x=&#8221;hidden&#8221; overflow-y=&#8221;hidden&#8221; locked=&#8221;off&#8221; global_colors_info=&#8221;{}&#8221;]<div class=\"sv_provenexpert\">\n<a id=\"pe_rating\" title=\"Kundenbewertungen &amp; Erfahrungen zu Coachingwerk K&ouml;ln. Mehr Infos anzeigen.\" target=\"_blank\" href=\"https:\/\/www.provenexpert.com\/coachingwerk-koeln\/\" class=\"pe_g pe_b\"> <span id=\"pe_name\"> <span>Coachingwerk K&ouml;ln<\/span> <\/span> <span> <span id=\"pe_stars\">\r\n\t<span class=\"sv_pe_stars\" style=\"width:72.95px;\"><img loading=\"lazy\" decoding=\"async\" width=\"15\" height=\"15\" src=\"https:\/\/coachingwerk-koeln.de\/wp-content\/plugins\/sv-provenexpert\/lib\/modules\/widget\/lib\/frontend\/img\/star.svg\" alt=\"\" \/><img loading=\"lazy\" decoding=\"async\" width=\"15\" height=\"15\" src=\"https:\/\/coachingwerk-koeln.de\/wp-content\/plugins\/sv-provenexpert\/lib\/modules\/widget\/lib\/frontend\/img\/star.svg\" alt=\"\" \/><img loading=\"lazy\" decoding=\"async\" width=\"15\" height=\"15\" src=\"https:\/\/coachingwerk-koeln.de\/wp-content\/plugins\/sv-provenexpert\/lib\/modules\/widget\/lib\/frontend\/img\/star.svg\" alt=\"\" \/><img loading=\"lazy\" decoding=\"async\" width=\"15\" height=\"15\" src=\"https:\/\/coachingwerk-koeln.de\/wp-content\/plugins\/sv-provenexpert\/lib\/modules\/widget\/lib\/frontend\/img\/star.svg\" alt=\"\" \/><img loading=\"lazy\" decoding=\"async\" width=\"15\" height=\"15\" src=\"https:\/\/coachingwerk-koeln.de\/wp-content\/plugins\/sv-provenexpert\/lib\/modules\/widget\/lib\/frontend\/img\/star.svg\" alt=\"\" \/><\/span>\r\n\t <span class=\"pe_star_container1\"> <svg width=\"24\" height=\"24\" viewBox=\"0 0 24 24\" fill=\"none\" xmlns=\"http:\/\/www.w3.org\/2000\/svg\" aria-hidden=\"true\"> <path d=\"M14.4639 9.21094L14.5811 9.44824L14.8438 9.48438L20.4023 10.25L16.3672 14.0869L16.1719 14.2725L16.2197 14.5381L17.1973 19.9883L12.2324 17.3809L12 17.2588L11.7676 17.3809L6.80176 19.9883L7.78027 14.5381L7.82812 14.2725L7.63281 14.0869L3.59668 10.25L9.15625 9.48438L9.41895 9.44824L9.53613 9.21094L12 4.22266L14.4639 9.21094Z\" fill=\"#AB9044\" stroke=\"#AB9044\"\/> <\/svg> <\/span> <span class=\"pe_star_container2\"> <svg width=\"24\" height=\"24\" viewBox=\"0 0 24 24\" fill=\"none\" xmlns=\"http:\/\/www.w3.org\/2000\/svg\" aria-hidden=\"true\"> <path d=\"M14.4639 9.21094L14.5811 9.44824L14.8438 9.48438L20.4023 10.25L16.3672 14.0869L16.1719 14.2725L16.2197 14.5381L17.1973 19.9883L12.2324 17.3809L12 17.2588L11.7676 17.3809L6.80176 19.9883L7.78027 14.5381L7.82812 14.2725L7.63281 14.0869L3.59668 10.25L9.15625 9.48438L9.41895 9.44824L9.53613 9.21094L12 4.22266L14.4639 9.21094Z\" fill=\"#AB9044\" stroke=\"#AB9044\"\/> <\/svg> <\/span> <span class=\"pe_star_container3\"> <svg width=\"24\" height=\"24\" viewBox=\"0 0 24 24\" fill=\"none\" xmlns=\"http:\/\/www.w3.org\/2000\/svg\" aria-hidden=\"true\"> <path d=\"M14.4639 9.21094L14.5811 9.44824L14.8438 9.48438L20.4023 10.25L16.3672 14.0869L16.1719 14.2725L16.2197 14.5381L17.1973 19.9883L12.2324 17.3809L12 17.2588L11.7676 17.3809L6.80176 19.9883L7.78027 14.5381L7.82812 14.2725L7.63281 14.0869L3.59668 10.25L9.15625 9.48438L9.41895 9.44824L9.53613 9.21094L12 4.22266L14.4639 9.21094Z\" fill=\"#AB9044\" stroke=\"#AB9044\"\/> <\/svg> <\/span> <span class=\"pe_star_container4\"> <svg width=\"24\" height=\"24\" viewBox=\"0 0 24 24\" fill=\"none\" xmlns=\"http:\/\/www.w3.org\/2000\/svg\" aria-hidden=\"true\"> <path d=\"M14.4639 9.21094L14.5811 9.44824L14.8438 9.48438L20.4023 10.25L16.3672 14.0869L16.1719 14.2725L16.2197 14.5381L17.1973 19.9883L12.2324 17.3809L12 17.2588L11.7676 17.3809L6.80176 19.9883L7.78027 14.5381L7.82812 14.2725L7.63281 14.0869L3.59668 10.25L9.15625 9.48438L9.41895 9.44824L9.53613 9.21094L12 4.22266L14.4639 9.21094Z\" fill=\"#AB9044\" stroke=\"#AB9044\"\/> <\/svg> <\/span> <span class=\"pe_star_container5\"> <svg width=\"24\" height=\"24\" viewBox=\"0 0 24 24\" fill=\"none\" xmlns=\"http:\/\/www.w3.org\/2000\/svg\" aria-hidden=\"true\"> <path d=\"M14.4639 9.21094L14.5811 9.44824L14.8438 9.48438L20.4023 10.25L16.3672 14.0869L16.1719 14.2725L16.2197 14.5381L17.1973 19.9883L12.2324 17.3809L12 17.2588L11.7676 17.3809L6.80176 19.9883L7.78027 14.5381L7.82812 14.2725L7.63281 14.0869L3.59668 10.25L9.15625 9.48438L9.41895 9.44824L9.53613 9.21094L12 4.22266L14.4639 9.21094Z\" fill=\"#AB9044\" stroke=\"#AB9044\"\/> <\/svg> <\/span> <\/span> <span class=\"pe_u\" style=\"color:#726542 !important;\"> <span>94<\/span> Bewertungen auf ProvenExpert.com <\/span> <\/span> <\/a> <script type=\"application\/ld+json\">{ \"@context\": \"https:\/\/schema.org\/\", \"@type\": \"Product\", \"name\": \"Coachingwerk K\\u00f6ln\", \"description\": \"Coaching, Teamentwicklung, Trainings, Change Management, Mediation, Beratung\", \"image\": \"https:\/\/images.provenexpert.com\/68\/f1\/3a584d9d81a5d7dd2ee90c9e5b18\/coachingwerk-koeln_full_1708161366.jpg\", \"aggregateRating\": { \"@type\": \"AggregateRating\", \"reviewCount\": 94, \"ratingValue\": 4.86, \"bestRating\": 5, \"worstRating\": 1 } }<\/script><\/div>[\/et_pb_text][et_pb_blurb admin_label=&#8221;Infobox Spezialisierung &#038; Angebot&#8221; _builder_version=&#8221;4.25.0&#8243; header_level=&#8221;h2&#8243; header_font=&#8221;Open Sans|600|||||||&#8221; header_text_color=&#8221;#2c7a70&#8243; header_font_size=&#8221;19&#8243; header_line_height=&#8221;1.7em&#8221; background_color=&#8221;#ecf3f2&#8243; custom_margin=&#8221;||30px|&#8221; custom_margin_tablet=&#8221;&#8221; custom_margin_phone=&#8221;&#8221; custom_margin_last_edited=&#8221;on|phone&#8221; custom_padding=&#8221;20px|30px|20px|70px&#8221; custom_padding_tablet=&#8221;20px|30px|20px|30px&#8221; custom_padding_phone=&#8221;&#8221; custom_padding_last_edited=&#8221;on|desktop&#8221; header_font_size_tablet=&#8221;17&#8243; header_font_size_phone=&#8221;15&#8243; header_font_size_last_edited=&#8221;on|phone&#8221; custom_css_main_element=&#8221;max-width: 600px;||\/*width: 600px;*\/||margin: 0 auto;||padding: 30px 50px;||||&#8221; border_radii=&#8221;on|5px|5px|5px|5px&#8221; border_width_all=&#8221;1px&#8221; border_color_all=&#8221;#b3cdca&#8221; box_shadow_style=&#8221;preset2&#8243; box_shadow_horizontal=&#8221;2px&#8221; box_shadow_vertical=&#8221;2px&#8221; box_shadow_blur=&#8221;10px&#8221; saved_tabs=&#8221;all&#8221; global_colors_info=&#8221;{}&#8221;]<\/p>\n<h2 style=\"text-align: center; margin-bottom: 10px;\">Specialization &amp; offer<\/h2>\n<ul>\n<li>Consulting in the field of personnel development and training<\/li>\n<li><a href=\"https:\/\/coachingwerk-koeln.de\/inhouse-schulung\/\">Systemic training<\/a> and <a href=\"https:\/\/coachingwerk-koeln.de\/teamworkshopundteamcoaching\/\">workshops<\/a> on the topics of sales, service, leadership and communication<\/li>\n<li>Design and implementation of train-the-trainer concepts<\/li>\n<li>Mindfulness and resilience workshops<\/li>\n<li>Systemic constellation work according to Prof. Dr. Franz Ruppert<\/li>\n<li>Project support and project management<\/li>\n<\/ul>\n<p>Languages: German and English<\/p>\n<p>[\/et_pb_blurb][et_pb_text admin_label=&#8221;h2_\u00dcber mich &#8221; _builder_version=&#8221;4.25.0&#8243; custom_margin=&#8221;||5px|&#8221; custom_padding=&#8221;||0px|&#8221; global_colors_info=&#8221;{}&#8221;]<\/p>\n<h2 class=\"linie\" style=\"text-align: center;\">About me<\/h2>\n<p>[\/et_pb_text][et_pb_text admin_label=&#8221;\u00dcber mich &#8211; Flie\u00dftext&#8221; _builder_version=&#8221;4.25.0&#8243; custom_css_main_element=&#8221;padding-left: 20px;||padding-right: 10px;&#8221; global_colors_info=&#8221;{}&#8221;]<\/p>\n<p>I have over 25 years of experience in consulting, training and coaching. I work systemically and solution-oriented in order to be able to offer customized services for clients. In my experience, sustainable results are only achieved if measures are implemented before and after the training to ensure that the topic remains alive.<\/p>\n<p>I work in a solution-oriented and systemic way. Taking each individual with me wherever possible and keeping an eye on the strategy &#8211; that is my aim. It is important to me to create an open and warm atmosphere in which the participants feel comfortable and can open up.<\/p>\n<p>[\/et_pb_text][et_pb_text admin_label=&#8221;h2_Referenzen&#8221; _builder_version=&#8221;4.25.0&#8243; custom_margin=&#8221;||5px|&#8221; custom_padding=&#8221;||0px|&#8221; global_colors_info=&#8221;{}&#8221;]<\/p>\n<h2 class=\"linie\" style=\"text-align: center;\">Coaching experience<\/h2>\n<p>[\/et_pb_text][et_pb_text admin_label=&#8221;Referenzen &#8211; Flie\u00dftext&#8221; _builder_version=&#8221;4.25.0&#8243; custom_css_main_element=&#8221;padding-left: 20px;||padding-right: 10px;&#8221; global_colors_info=&#8221;{}&#8221;]<\/p>\n<ul>\n<li>25 years of consulting, training and coaching &#8211; including 13 years with relevant international training and consulting companies such as AchieveGlobal, Miller Heimann and Korn Ferry<\/li>\n<li>Self-employed in consulting, training and coaching since 2011<\/li>\n<\/ul>\n<p>[\/et_pb_text][et_pb_text admin_label=&#8221;h2_Qualifizierung&#8221; _builder_version=&#8221;4.25.0&#8243; custom_margin=&#8221;||5px|&#8221; custom_padding=&#8221;||0px|&#8221; global_colors_info=&#8221;{}&#8221;]<\/p>\n<h2 class=\"linie\" style=\"text-align: center;\">Qualification<\/h2>\n<p>[\/et_pb_text][et_pb_text admin_label=&#8221;Qualifizierung &#8211; Bullet Points&#8221; _builder_version=&#8221;4.25.0&#8243; custom_css_main_element=&#8221;padding-left: 20px;||padding-right: 10px;&#8221; global_colors_info=&#8221;{}&#8221;]<\/p>\n<ul>\n<li>Train-the-trainer and coaching training in sales, service and leadership at AchieveGlobal (now Korn Ferry)<\/li>\n<li>Systemic (organizational) constellation according to Prof. Dr. Franz Ruppert<\/li>\n<li>Solution orientation according to Steve de Shazer<\/li>\n<\/ul>\n<p>[\/et_pb_text][et_pb_text admin_label=&#8221;h2_Kurzbiographie&#8221; module_class=&#8221;linie&#8221; _builder_version=&#8221;4.16&#8243; custom_margin=&#8221;||5px|&#8221; custom_padding=&#8221;||0px|&#8221; global_colors_info=&#8221;{}&#8221;]<\/p>\n<h2>Short biography<\/h2>\n<p>[\/et_pb_text][et_pb_text admin_label=&#8221;Kurzbiographie &#8211; Flie\u00dftext\/Bullet Points&#8221; _builder_version=&#8221;4.25.0&#8243; custom_css_main_element=&#8221;padding-left: 20px;||padding-right: 10px;&#8221; global_colors_info=&#8221;{}&#8221;]<\/p>\n<p>After graduating from high school in 1991, I spent my first years working as an advertising saleswoman and later in service and sales. During my time at AchieveGlobal (now Korn Ferry) I gained experience in project management of large international training initiatives. The conception of scalable seminars as well as the moderation of seminars and workshops at all levels of an organization are part of my tools of the trade. As a training consultant, I have supported medium-sized and large international customer projects in various industries. I have been a freelance consultant, trainer and coach since 2011 and am grateful for the many years in the service and sales sector, which have enabled me to understand the challenges of the participants and address them in a practical way. &#8220;Passion for People&#8221; &#8211; that&#8217;s what I wholeheartedly stand for.<\/p>\n<p>[\/et_pb_text][\/et_pb_column][\/et_pb_row][\/et_pb_section][et_pb_section fb_built=&#8221;1&#8243; disabled_on=&#8221;on|on|on&#8221; _builder_version=&#8221;4.24.2&#8243; background_color=&#8221;#b3cdca&#8221; custom_margin=&#8221;30px|||&#8221; disabled=&#8221;on&#8221; global_colors_info=&#8221;{}&#8221;][et_pb_row _builder_version=&#8221;4.16&#8243; background_size=&#8221;initial&#8221; background_position=&#8221;top_left&#8221; background_repeat=&#8221;repeat&#8221; max_width=&#8221;900px&#8221; module_alignment=&#8221;center&#8221; use_custom_width=&#8221;on&#8221; global_colors_info=&#8221;{}&#8221;][et_pb_column type=&#8221;4_4&#8243; _builder_version=&#8221;4.16&#8243; custom_padding=&#8221;|||&#8221; global_colors_info=&#8221;{}&#8221; custom_padding__hover=&#8221;|||&#8221;][et_pb_text admin_label=&#8221;Andere \u00fcber mich&#8221; _builder_version=&#8221;4.24.2&#8243; header_2_text_color=&#8221;#ffffff&#8221; custom_margin=&#8221;||0px|&#8221; custom_padding=&#8221;||0px|&#8221; global_colors_info=&#8221;{}&#8221;]<\/p>\n<h2 style=\"text-align: center;\">Others about me<\/h2>\n<p>[\/et_pb_text][\/et_pb_column][\/et_pb_row][et_pb_row _builder_version=&#8221;4.16&#8243; background_size=&#8221;initial&#8221; background_position=&#8221;top_left&#8221; background_repeat=&#8221;repeat&#8221; module_alignment=&#8221;center&#8221; use_custom_width=&#8221;on&#8221; collapsed=&#8221;off&#8221; global_colors_info=&#8221;{}&#8221;][et_pb_column type=&#8221;4_4&#8243; _builder_version=&#8221;4.16&#8243; custom_padding=&#8221;|||&#8221; global_colors_info=&#8221;{}&#8221; custom_padding__hover=&#8221;|||&#8221;][et_pb_text admin_label=&#8221;Referenz 1&#8243; _builder_version=&#8221;4.25.0&#8243; text_font=&#8221;Open Sans|500|||||||&#8221; text_text_color=&#8221;#2c7a70&#8243; background_color=&#8221;#ffffff&#8221; custom_padding=&#8221;30px|30px|30px|30px&#8221; border_radii=&#8221;on|5px|5px|5px|5px&#8221; border_width_all=&#8221;1px&#8221; border_color_all=&#8221;#2c7a70&#8243; box_shadow_style=&#8221;preset2&#8243; global_colors_info=&#8221;{}&#8221;][\/et_pb_text][\/et_pb_column][\/et_pb_row][\/et_pb_section][et_pb_section fb_built=&#8221;1&#8243; disabled_on=&#8221;on|on|on&#8221; _builder_version=&#8221;4.16&#8243; disabled=&#8221;on&#8221; global_colors_info=&#8221;{}&#8221;][et_pb_row _builder_version=&#8221;4.16&#8243; max_width=&#8221;900px&#8221; module_alignment=&#8221;center&#8221; custom_css_main_element=&#8221;margin: 0 auto;||padding: 0 auto;&#8221; use_custom_width=&#8221;on&#8221; global_colors_info=&#8221;{}&#8221;][et_pb_column type=&#8221;4_4&#8243; _builder_version=&#8221;4.16&#8243; custom_padding=&#8221;|||&#8221; global_colors_info=&#8221;{}&#8221; custom_padding__hover=&#8221;|||&#8221;][et_pb_gallery gallery_ids=&#8221;44261&#8243; fullwidth=&#8221;on&#8221; _builder_version=&#8221;4.24.2&#8243; text_orientation=&#8221;center&#8221; custom_margin=&#8221;|auto||auto&#8221; auto=&#8221;on&#8221; auto_speed=&#8221;3500&#8243; custom_css_main_element=&#8221;margin: 0px auto;||padding: 0x auto;&#8221; global_colors_info=&#8221;{}&#8221;][\/et_pb_gallery][\/et_pb_column][\/et_pb_row][\/et_pb_section]<\/p>\n","protected":false},"excerpt":{"rendered":"<p>Ute S\u00e4ndig D\u00fcsseldorf &nbsp;Ute S\u00e4ndig<div class=\"sv_provenexpert\">\n<a id=\"pe_rating\" title=\"Kundenbewertungen &amp; Erfahrungen zu Coachingwerk K&ouml;ln. Mehr Infos anzeigen.\" target=\"_blank\" href=\"https:\/\/www.provenexpert.com\/coachingwerk-koeln\/\" class=\"pe_g pe_b\"> <span id=\"pe_name\"> <span>Coachingwerk K&ouml;ln<\/span> <\/span> <span> <span id=\"pe_stars\">\r\n\t<span class=\"sv_pe_stars\" style=\"width:72.95px;\"><img loading=\"lazy\" decoding=\"async\" width=\"15\" height=\"15\" src=\"https:\/\/coachingwerk-koeln.de\/wp-content\/plugins\/sv-provenexpert\/lib\/modules\/widget\/lib\/frontend\/img\/star.svg\" alt=\"\" \/><img loading=\"lazy\" decoding=\"async\" width=\"15\" height=\"15\" src=\"https:\/\/coachingwerk-koeln.de\/wp-content\/plugins\/sv-provenexpert\/lib\/modules\/widget\/lib\/frontend\/img\/star.svg\" alt=\"\" \/><img loading=\"lazy\" decoding=\"async\" width=\"15\" height=\"15\" src=\"https:\/\/coachingwerk-koeln.de\/wp-content\/plugins\/sv-provenexpert\/lib\/modules\/widget\/lib\/frontend\/img\/star.svg\" alt=\"\" \/><img loading=\"lazy\" decoding=\"async\" width=\"15\" height=\"15\" src=\"https:\/\/coachingwerk-koeln.de\/wp-content\/plugins\/sv-provenexpert\/lib\/modules\/widget\/lib\/frontend\/img\/star.svg\" alt=\"\" \/><img loading=\"lazy\" decoding=\"async\" width=\"15\" height=\"15\" src=\"https:\/\/coachingwerk-koeln.de\/wp-content\/plugins\/sv-provenexpert\/lib\/modules\/widget\/lib\/frontend\/img\/star.svg\" alt=\"\" \/><\/span>\r\n\t <span class=\"pe_star_container1\"> <svg width=\"24\" height=\"24\" viewBox=\"0 0 24 24\" fill=\"none\" xmlns=\"http:\/\/www.w3.org\/2000\/svg\" aria-hidden=\"true\"> <path d=\"M14.4639 9.21094L14.5811 9.44824L14.8438 9.48438L20.4023 10.25L16.3672 14.0869L16.1719 14.2725L16.2197 14.5381L17.1973 19.9883L12.2324 17.3809L12 17.2588L11.7676 17.3809L6.80176 19.9883L7.78027 14.5381L7.82812 14.2725L7.63281 14.0869L3.59668 10.25L9.15625 9.48438L9.41895 9.44824L9.53613 9.21094L12 4.22266L14.4639 9.21094Z\" fill=\"#AB9044\" stroke=\"#AB9044\"\/> <\/svg> <\/span> <span class=\"pe_star_container2\"> <svg width=\"24\" height=\"24\" viewBox=\"0 0 24 24\" fill=\"none\" xmlns=\"http:\/\/www.w3.org\/2000\/svg\" aria-hidden=\"true\"> <path d=\"M14.4639 9.21094L14.5811 9.44824L14.8438 9.48438L20.4023 10.25L16.3672 14.0869L16.1719 14.2725L16.2197 14.5381L17.1973 19.9883L12.2324 17.3809L12 17.2588L11.7676 17.3809L6.80176 19.9883L7.78027 14.5381L7.82812 14.2725L7.63281 14.0869L3.59668 10.25L9.15625 9.48438L9.41895 9.44824L9.53613 9.21094L12 4.22266L14.4639 9.21094Z\" fill=\"#AB9044\" stroke=\"#AB9044\"\/> <\/svg> <\/span> <span class=\"pe_star_container3\"> <svg width=\"24\" height=\"24\" viewBox=\"0 0 24 24\" fill=\"none\" xmlns=\"http:\/\/www.w3.org\/2000\/svg\" aria-hidden=\"true\"> <path d=\"M14.4639 9.21094L14.5811 9.44824L14.8438 9.48438L20.4023 10.25L16.3672 14.0869L16.1719 14.2725L16.2197 14.5381L17.1973 19.9883L12.2324 17.3809L12 17.2588L11.7676 17.3809L6.80176 19.9883L7.78027 14.5381L7.82812 14.2725L7.63281 14.0869L3.59668 10.25L9.15625 9.48438L9.41895 9.44824L9.53613 9.21094L12 4.22266L14.4639 9.21094Z\" fill=\"#AB9044\" stroke=\"#AB9044\"\/> <\/svg> <\/span> <span class=\"pe_star_container4\"> <svg width=\"24\" height=\"24\" viewBox=\"0 0 24 24\" fill=\"none\" xmlns=\"http:\/\/www.w3.org\/2000\/svg\" aria-hidden=\"true\"> <path d=\"M14.4639 9.21094L14.5811 9.44824L14.8438 9.48438L20.4023 10.25L16.3672 14.0869L16.1719 14.2725L16.2197 14.5381L17.1973 19.9883L12.2324 17.3809L12 17.2588L11.7676 17.3809L6.80176 19.9883L7.78027 14.5381L7.82812 14.2725L7.63281 14.0869L3.59668 10.25L9.15625 9.48438L9.41895 9.44824L9.53613 9.21094L12 4.22266L14.4639 9.21094Z\" fill=\"#AB9044\" stroke=\"#AB9044\"\/> <\/svg> <\/span> <span class=\"pe_star_container5\"> <svg width=\"24\" height=\"24\" viewBox=\"0 0 24 24\" fill=\"none\" xmlns=\"http:\/\/www.w3.org\/2000\/svg\" aria-hidden=\"true\"> <path d=\"M14.4639 9.21094L14.5811 9.44824L14.8438 9.48438L20.4023 10.25L16.3672 14.0869L16.1719 14.2725L16.2197 14.5381L17.1973 19.9883L12.2324 17.3809L12 17.2588L11.7676 17.3809L6.80176 19.9883L7.78027 14.5381L7.82812 14.2725L7.63281 14.0869L3.59668 10.25L9.15625 9.48438L9.41895 9.44824L9.53613 9.21094L12 4.22266L14.4639 9.21094Z\" fill=\"#AB9044\" stroke=\"#AB9044\"\/> <\/svg> <\/span> <\/span> <span class=\"pe_u\" style=\"color:#726542 !important;\"> <span>94<\/span> Bewertungen auf ProvenExpert.com <\/span> <\/span> <\/a> <script type=\"application\/ld+json\">{ \"@context\": \"https:\/\/schema.org\/\", \"@type\": \"Product\", \"name\": \"Coachingwerk K\\u00f6ln\", \"description\": \"Coaching, Teamentwicklung, Trainings, Change Management, Mediation, Beratung\", \"image\": \"https:\/\/images.provenexpert.com\/68\/f1\/3a584d9d81a5d7dd2ee90c9e5b18\/coachingwerk-koeln_full_1708161366.jpg\", \"aggregateRating\": { \"@type\": \"AggregateRating\", \"reviewCount\": 94, \"ratingValue\": 4.86, \"bestRating\": 5, \"worstRating\": 1 } }<\/script><\/div>Specialization &amp; offer Consulting in the field of personnel development and training Systemic training and workshops on the topics of sales, service, leadership and communication Design and implementation of train-the-trainer concepts Mindfulness and resilience workshops Systemic constellation work according to Prof. Dr. Franz Ruppert Project support and project management Languages: German [&hellip;]<\/p>\n","protected":false},"author":2,"featured_media":45213,"parent":38131,"menu_order":1,"comment_status":"closed","ping_status":"closed","template":"","meta":{"_et_pb_use_builder":"on","_et_pb_old_content":"","_et_gb_content_width":"","footnotes":""},"class_list":["post-44801","page","type-page","status-publish","has-post-thumbnail","hentry"],"_links":{"self":[{"href":"https:\/\/coachingwerk-koeln.de\/en\/wp-json\/wp\/v2\/pages\/44801","targetHints":{"allow":["GET"]}}],"collection":[{"href":"https:\/\/coachingwerk-koeln.de\/en\/wp-json\/wp\/v2\/pages"}],"about":[{"href":"https:\/\/coachingwerk-koeln.de\/en\/wp-json\/wp\/v2\/types\/page"}],"author":[{"embeddable":true,"href":"https:\/\/coachingwerk-koeln.de\/en\/wp-json\/wp\/v2\/users\/2"}],"replies":[{"embeddable":true,"href":"https:\/\/coachingwerk-koeln.de\/en\/wp-json\/wp\/v2\/comments?post=44801"}],"version-history":[{"count":23,"href":"https:\/\/coachingwerk-koeln.de\/en\/wp-json\/wp\/v2\/pages\/44801\/revisions"}],"predecessor-version":[{"id":52035,"href":"https:\/\/coachingwerk-koeln.de\/en\/wp-json\/wp\/v2\/pages\/44801\/revisions\/52035"}],"up":[{"embeddable":true,"href":"https:\/\/coachingwerk-koeln.de\/en\/wp-json\/wp\/v2\/pages\/38131"}],"wp:featuredmedia":[{"embeddable":true,"href":"https:\/\/coachingwerk-koeln.de\/en\/wp-json\/wp\/v2\/media\/45213"}],"wp:attachment":[{"href":"https:\/\/coachingwerk-koeln.de\/en\/wp-json\/wp\/v2\/media?parent=44801"}],"curies":[{"name":"wp","href":"https:\/\/api.w.org\/{rel}","templated":true}]}}